{"id":4870,"date":"2023-11-08T15:29:58","date_gmt":"2023-11-08T14:29:58","guid":{"rendered":"https:\/\/easymass.fr\/?page_id=4870"},"modified":"2023-11-09T09:53:55","modified_gmt":"2023-11-09T08:53:55","slug":"impressum","status":"publish","type":"page","link":"https:\/\/easymass.fr\/de\/impressum\/","title":{"rendered":"Impressum"},"content":{"rendered":"<div class=\"fusion-fullwidth fullwidth-box fusion-builder-row-1 nonhundred-percent-fullwidth non-hundred-percent-height-scrolling\" style=\"--awb-border-radius-top-left:0px;--awb-border-radius-top-right:0px;--awb-border-radius-bottom-right:0px;--awb-border-radius-bottom-left:0px;\" ><div class=\"fusion-builder-row fusion-row\"><div class=\"fusion-layout-column fusion_builder_column fusion-builder-column-0 fusion_builder_column_1_1 1_1 fusion-one-full fusion-column-first fusion-column-last\" style=\"--awb-bg-size:cover;\"><div class=\"fusion-column-wrapper fusion-flex-column-wrapper-legacy\"><div class=\"fusion-text fusion-text-1\"><p style=\"text-align: justify;\"><strong>Bearbeitung der Website<\/strong><\/p>\n<p style=\"text-align: justify;\">Easymass.fr ist eine Website der Firma Easymass, einer vereinfachten Aktiengesellschaft mit einem Kapital von 216.000 \u20ac und Sitz in Route de Soissons 02190 Villeneuve-sur-Aisne (Frankreich), eingetragen im Handels- und Gesellschaftsregister von Saint Quentin unter der Nummer 450 369 830 (innergemeinschaftliche Mehrwertsteuer FR91450369830). Herr Hans VERCAUTEREN (SOFIHV), Pr\u00e4sident von SAS Easymass, ist Director of Publication.<\/p>\n<p style=\"text-align: justify;\">SAS Easymass Kontakte: 03 23 21 35 04 \/ contact@easymass.fr<\/p>\n<p style=\"text-align: justify;\"><strong>Geistiges Eigentum<\/strong><\/p>\n<p style=\"text-align: justify;\">Die gesamte Website unterliegt der franz\u00f6sischen und internationalen Gesetzgebung zum Urheberrecht und zum geistigen Eigentum. Alle Vervielf\u00e4ltigungsrechte sind vorbehalten, einschlie\u00dflich ikonografischer und fotografischer Darstellungen. Die Vervielf\u00e4ltigung, Anpassung und\/oder \u00dcbersetzung der gesamten oder eines Teils dieser Website auf irgendeinem Medium ist ohne die ausdr\u00fcckliche Genehmigung des Herausgebers strengstens untersagt.<\/p>\n<p style=\"text-align: justify;\"><strong>\u00c4nderung der Website<\/strong><\/p>\n<p style=\"text-align: justify;\">Die Redaktion beh\u00e4lt sich das Recht vor, den Inhalt dieser Website und dieses Impressums jederzeit und ohne vorherige Ank\u00fcndigung zu \u00e4ndern oder zu korrigieren.<\/p>\n<p style=\"text-align: justify;\"><strong>Website-Hosting<\/strong><\/p>\n<p style=\"text-align: justify;\">Die Website easymass.fr wird von OVH, 2 Rue Kellermann, 59100 Roubaix (Frankreich) gehostet.<\/p>\n<\/div><div class=\"fusion-clearfix\"><\/div><\/div><\/div><\/div><\/div>\n","protected":false},"excerpt":{"rendered":"","protected":false},"author":1,"featured_media":0,"parent":0,"menu_order":0,"comment_status":"closed","ping_status":"closed","template":"","meta":[],"_links":{"self":[{"href":"https:\/\/easymass.fr\/de\/wp-json\/wp\/v2\/pages\/4870"}],"collection":[{"href":"https:\/\/easymass.fr\/de\/wp-json\/wp\/v2\/pages"}],"about":[{"href":"https:\/\/easymass.fr\/de\/wp-json\/wp\/v2\/types\/page"}],"author":[{"embeddable":true,"href":"https:\/\/easymass.fr\/de\/wp-json\/wp\/v2\/users\/1"}],"replies":[{"embeddable":true,"href":"https:\/\/easymass.fr\/de\/wp-json\/wp\/v2\/comments?post=4870"}],"version-history":[{"count":3,"href":"https:\/\/easymass.fr\/de\/wp-json\/wp\/v2\/pages\/4870\/revisions"}],"predecessor-version":[{"id":4874,"href":"https:\/\/easymass.fr\/de\/wp-json\/wp\/v2\/pages\/4870\/revisions\/4874"}],"wp:attachment":[{"href":"https:\/\/easymass.fr\/de\/wp-json\/wp\/v2\/media?parent=4870"}],"curies":[{"name":"wp","href":"https:\/\/api.w.org\/{rel}","templated":true}]}}