{"id":2946,"date":"2022-09-23T18:20:10","date_gmt":"2022-09-23T16:20:10","guid":{"rendered":"https:\/\/easymass.fr\/schutzdaempfer\/"},"modified":"2025-06-13T10:29:59","modified_gmt":"2025-06-13T08:29:59","slug":"schutzdaempfer","status":"publish","type":"page","link":"https:\/\/easymass.fr\/de\/unsere-produkte\/schutzdaempfer\/","title":{"rendered":"Schutzd\u00e4mpfer"},"content":{"rendered":"<div class=\"fusion-fullwidth fullwidth-box fusion-builder-row-1 fusion-parallax-none nonhundred-percent-fullwidth non-hundred-percent-height-scrolling\" style=\"--awb-background-position:left top;--awb-border-radius-top-left:0px;--awb-border-radius-top-right:0px;--awb-border-radius-bottom-right:0px;--awb-border-radius-bottom-left:0px;--awb-padding-top:90px;--awb-background-image:url(&quot;http:\/\/easymass.fr\/wp-content\/uploads\/2018\/03\/fond-dessin-technique5.png&quot;);--awb-background-size:cover;\" ><div class=\"fusion-builder-row fusion-row\"><div class=\"fusion-layout-column fusion_builder_column fusion-builder-column-0 fusion_builder_column_1_1 1_1 fusion-one-full fusion-column-first fusion-column-last fusion-column-no-min-height\" style=\"--awb-bg-size:cover;\"><div class=\"fusion-column-wrapper fusion-flex-column-wrapper-legacy\"><div class=\"fusion-column-content-centered\"><div class=\"fusion-column-content\"><div class=\"fusion-text fusion-text-1\"><p style=\"font-size: 12px; text-align: left;\"><a href=\"http:\/\/easymass.fr\/\">Startseite<\/a> \/ <a href=\"http:\/\/easymass.fr\/nos-produits\/\">Unsere Produkte<\/a> \/ Schutzd\u00e4mpfer<\/p>\n<\/div><\/div><\/div><div class=\"fusion-clearfix\"><\/div><\/div><\/div><div class=\"fusion-layout-column fusion_builder_column fusion-builder-column-1 fusion_builder_column_2_3 2_3 fusion-two-third fusion-column-first\" style=\"--awb-padding-top:30px;--awb-bg-size:cover;width:66.666666666667%;width:calc(66.666666666667% - ( ( 4% ) * 0.66666666666667 ) );margin-right: 4%;\"><div class=\"fusion-column-wrapper fusion-flex-column-wrapper-legacy\"><div class=\"fusion-title title fusion-title-1 fusion-sep-none fusion-title-text fusion-title-size-two\"><h2 class=\"title-heading-left fusion-responsive-typography-calculated\" style=\"margin:0;--fontSize:34;line-height:1.47;\"><p>Schutzd\u00e4mpfer<br \/>\nEASYBUMPER<\/p><\/h2><\/div><div class=\"fusion-sep-clear\"><\/div><div class=\"fusion-separator fusion-clearfix\" style=\"float:left;margin-bottom:30px;width:100%;max-width:50px;\"><div class=\"fusion-separator-border sep-single sep-solid\" style=\"--awb-height:20px;--awb-amount:20px;--awb-sep-color:#1d4091;border-color:#1d4091;border-top-width:3px;\"><\/div><\/div><div class=\"fusion-sep-clear\"><\/div><div class=\"fusion-text fusion-text-2\"><ul>\n<li style=\"text-align: justify; font-size: 20px;\"><strong>Sto\u00dfd\u00e4mpfer f\u00fcr alle Traktoren Marken<\/strong><\/li>\n<li style=\"text-align: justify; font-size: 20px;\">Sicheres Ballastierungssystem mit Aufprallschutzfunktion.<\/li>\n<\/ul>\n<\/div><div class=\"fusion-clearfix\"><\/div><\/div><\/div><div class=\"fusion-layout-column fusion_builder_column fusion-builder-column-2 fusion_builder_column_1_3 1_3 fusion-one-third fusion-column-last\" style=\"--awb-padding-right:30px;--awb-padding-left:30px;--awb-bg-size:cover;width:33.333333333333%;width:calc(33.333333333333% - ( ( 4% ) * 0.33333333333333 ) );\"><div class=\"fusion-column-wrapper fusion-flex-column-wrapper-legacy\"><div class=\"fusion-column-content-centered\"><div class=\"fusion-column-content\"><div class=\"fusion-content-boxes content-boxes columns row fusion-columns-1 fusion-columns-total-1 fusion-content-boxes-1 content-boxes-icon-with-title content-left\" style=\"--awb-hover-accent-color:#1d4091;--awb-circle-hover-accent-color:#1d4091;--awb-item-margin-bottom:40px;\" data-animationOffset=\"top-into-view\"><div style=\"--awb-backgroundcolor:rgba(255,255,255,0);\" class=\"fusion-column content-box-column content-box-column content-box-column-1 col-lg-12 col-md-12 col-sm-12 fusion-content-box-hover content-box-column-last content-box-column-last-in-row\"><div class=\"col content-box-wrapper content-wrapper link-area-box link-type-button icon-hover-animation-slide\" data-link=\"https:\/\/easymass.fr\/de\/unsere-produkte\/schutzdaempfer\/easybumper\/\" data-link-target=\"_self\" data-animationOffset=\"top-into-view\"><div class=\"heading heading-with-icon icon-left\"><a class=\"heading-link\" style=\"float:left;\" href=\"https:\/\/easymass.fr\/de\/unsere-produkte\/schutzdaempfer\/easybumper\/\" target=\"_self\"><div class=\"icon\"><i style=\"border-color:#333c4e;border-width:1px;background-color:#333c4e;box-sizing:content-box;height:40px;width:40px;line-height:40px;border-radius:50%;font-size:20px;\" aria-hidden=\"true\" class=\"fontawesome-icon fa-angle-double-right fas circle-yes\"><\/i><\/div><h2 class=\"content-box-heading fusion-responsive-typography-calculated\" style=\"--h2_typography-font-size:20px;--fontSize:20;line-height:2.5;\">EASYBUMPER<\/h2><\/a><\/div><div class=\"fusion-clearfix\"><\/div><div class=\"content-container\">\n<p><img decoding=\"async\" class=\"alignnone wp-image-2315 size-full\" src=\"https:\/\/easymass.fr\/wp-content\/uploads\/2022\/01\/easybumper.png\" alt=\"\" width=\"665\" height=\"423\" srcset=\"https:\/\/easymass.fr\/wp-content\/uploads\/2022\/01\/easybumper-200x127.png 200w, https:\/\/easymass.fr\/wp-content\/uploads\/2022\/01\/easybumper-300x191.png 300w, https:\/\/easymass.fr\/wp-content\/uploads\/2022\/01\/easybumper-400x254.png 400w, https:\/\/easymass.fr\/wp-content\/uploads\/2022\/01\/easybumper-500x318.png 500w, https:\/\/easymass.fr\/wp-content\/uploads\/2022\/01\/easybumper-600x382.png 600w, https:\/\/easymass.fr\/wp-content\/uploads\/2022\/01\/easybumper.png 665w\" sizes=\"(max-width: 665px) 100vw, 665px\" \/><\/p>\n<\/div><div class=\"fusion-clearfix\"><\/div><a class=\"fusion-read-more-button fusion-content-box-button fusion-button button-default fusion-button-default-size button- button-flat\" style=\"float:left;\" href=\"https:\/\/easymass.fr\/de\/unsere-produkte\/schutzdaempfer\/easybumper\/\" target=\"_self\"><span class=\"fusion-button-text\">Siehe Produktdetails<\/span><\/a><div class=\"fusion-clearfix\"><\/div><\/div><\/div><div class=\"fusion-clearfix\"><\/div><\/div><\/div><\/div><div class=\"fusion-clearfix\"><\/div><\/div><\/div><\/div><\/div>\n","protected":false},"excerpt":{"rendered":"","protected":false},"author":1,"featured_media":0,"parent":3054,"menu_order":0,"comment_status":"closed","ping_status":"closed","template":"100-width.php","meta":[],"_links":{"self":[{"href":"https:\/\/easymass.fr\/de\/wp-json\/wp\/v2\/pages\/2946"}],"collection":[{"href":"https:\/\/easymass.fr\/de\/wp-json\/wp\/v2\/pages"}],"about":[{"href":"https:\/\/easymass.fr\/de\/wp-json\/wp\/v2\/types\/page"}],"author":[{"embeddable":true,"href":"https:\/\/easymass.fr\/de\/wp-json\/wp\/v2\/users\/1"}],"replies":[{"embeddable":true,"href":"https:\/\/easymass.fr\/de\/wp-json\/wp\/v2\/comments?post=2946"}],"version-history":[{"count":7,"href":"https:\/\/easymass.fr\/de\/wp-json\/wp\/v2\/pages\/2946\/revisions"}],"predecessor-version":[{"id":5706,"href":"https:\/\/easymass.fr\/de\/wp-json\/wp\/v2\/pages\/2946\/revisions\/5706"}],"up":[{"embeddable":true,"href":"https:\/\/easymass.fr\/de\/wp-json\/wp\/v2\/pages\/3054"}],"wp:attachment":[{"href":"https:\/\/easymass.fr\/de\/wp-json\/wp\/v2\/media?parent=2946"}],"curies":[{"name":"wp","href":"https:\/\/api.w.org\/{rel}","templated":true}]}}