{"id":2913,"date":"2022-09-23T17:21:25","date_gmt":"2022-09-23T15:21:25","guid":{"rendered":"https:\/\/easymass.fr\/easybumper\/"},"modified":"2023-02-27T09:44:55","modified_gmt":"2023-02-27T08:44:55","slug":"easybumper","status":"publish","type":"page","link":"https:\/\/easymass.fr\/de\/unsere-produkte\/schutzdaempfer\/easybumper\/","title":{"rendered":"EASYBUMPER"},"content":{"rendered":"<p><div class=\"fusion-fullwidth fullwidth-box fusion-builder-row-1 nonhundred-percent-fullwidth non-hundred-percent-height-scrolling\" style=\"--awb-border-radius-top-left:0px;--awb-border-radius-top-right:0px;--awb-border-radius-bottom-right:0px;--awb-border-radius-bottom-left:0px;--awb-padding-bottom:30px;\" ><div class=\"fusion-builder-row fusion-row\"><div class=\"fusion-layout-column fusion_builder_column fusion-builder-column-0 fusion_builder_column_1_1 1_1 fusion-one-full fusion-column-first fusion-column-last\" style=\"--awb-bg-size:cover;\"><div class=\"fusion-column-wrapper fusion-flex-column-wrapper-legacy\"><div class=\"fusion-text fusion-text-1\"><p style=\"font-size: 12px; text-align: left;\"><a href=\"http:\/\/easymass.fr\/\">Startseite<\/a> \/ <a href=\"http:\/\/easymass.fr\/nos-produits\/\">Unsere Produkte<\/a> \/ <a href=\"https:\/\/easymass.fr\/de\/unsere-produkte\/schutzdaempfer\/\">Schutzd\u00e4mpfer<\/a> \/ EASYBUMPER Schutzd\u00e4mpfer<\/p>\n<\/div><div class=\"fusion-clearfix\"><\/div><\/div><\/div><div class=\"fusion-layout-column fusion_builder_column fusion-builder-column-1 fusion_builder_column_1_2 1_2 fusion-one-half fusion-column-first\" style=\"--awb-bg-size:cover;--awb-border-color:#9da1a9;--awb-border-style:solid;width:50%;width:calc(50% - ( ( 4% ) * 0.5 ) );margin-right: 4%;\"><div class=\"fusion-column-wrapper fusion-flex-column-wrapper-legacy\"><div class=\"fusion-image-carousel fusion-image-carousel-auto fusion-image-carousel-1 lightbox-enabled fusion-carousel-border\"><div class=\"awb-carousel awb-swiper awb-swiper-carousel\" data-autoplay=\"yes\" data-columns=\"1\" data-itemmargin=\"13\" data-itemwidth=\"180\" data-touchscroll=\"no\" data-imagesize=\"auto\" style=\"--awb-columns:1;\"><div class=\"swiper-wrapper fusion-flex-align-items-center\"><div class=\"swiper-slide\"><div class=\"fusion-carousel-item-wrapper\"><div class=\"fusion-image-wrapper hover-type-zoomin\"><a data-rel=\"iLightbox[image_carousel_1]\" data-title=\"easybumper_vue_1\" aria-label=\"easybumper_vue_1\" href=\"https:\/\/easymass.fr\/wp-content\/uploads\/2022\/02\/easybumper_vue_1.png\" target=\"_self\"><img width=\"1000\" height=\"1000\" src=\"https:\/\/easymass.fr\/wp-content\/uploads\/2022\/02\/easybumper_vue_1.png\" class=\"attachment-full size-full\" alt=\"\" decoding=\"async\" srcset=\"https:\/\/easymass.fr\/wp-content\/uploads\/2022\/02\/easybumper_vue_1-66x66.png 66w, https:\/\/easymass.fr\/wp-content\/uploads\/2022\/02\/easybumper_vue_1-100x100.png 100w, https:\/\/easymass.fr\/wp-content\/uploads\/2022\/02\/easybumper_vue_1-150x150.png 150w, https:\/\/easymass.fr\/wp-content\/uploads\/2022\/02\/easybumper_vue_1-200x200.png 200w, https:\/\/easymass.fr\/wp-content\/uploads\/2022\/02\/easybumper_vue_1-300x300.png 300w, https:\/\/easymass.fr\/wp-content\/uploads\/2022\/02\/easybumper_vue_1-400x400.png 400w, https:\/\/easymass.fr\/wp-content\/uploads\/2022\/02\/easybumper_vue_1-500x500.png 500w, https:\/\/easymass.fr\/wp-content\/uploads\/2022\/02\/easybumper_vue_1-600x600.png 600w, https:\/\/easymass.fr\/wp-content\/uploads\/2022\/02\/easybumper_vue_1-700x700.png 700w, https:\/\/easymass.fr\/wp-content\/uploads\/2022\/02\/easybumper_vue_1-768x768.png 768w, https:\/\/easymass.fr\/wp-content\/uploads\/2022\/02\/easybumper_vue_1-800x800.png 800w, https:\/\/easymass.fr\/wp-content\/uploads\/2022\/02\/easybumper_vue_1.png 1000w\" sizes=\"(max-width: 1000px) 100vw, 1000px\" \/><\/a><\/div><\/div><\/div><div class=\"swiper-slide\"><div class=\"fusion-carousel-item-wrapper\"><div class=\"fusion-image-wrapper hover-type-zoomin\"><a data-rel=\"iLightbox[image_carousel_1]\" data-title=\"easybumper_vue_2_DE\" aria-label=\"easybumper_vue_2_DE\" href=\"https:\/\/easymass.fr\/wp-content\/uploads\/2023\/02\/easybumper_vue_2_DE.png\" target=\"_self\"><img width=\"1000\" height=\"1000\" src=\"https:\/\/easymass.fr\/wp-content\/uploads\/2023\/02\/easybumper_vue_2_DE.png\" class=\"attachment-full size-full\" alt=\"\" decoding=\"async\" srcset=\"https:\/\/easymass.fr\/wp-content\/uploads\/2023\/02\/easybumper_vue_2_DE-66x66.png 66w, https:\/\/easymass.fr\/wp-content\/uploads\/2023\/02\/easybumper_vue_2_DE-100x100.png 100w, https:\/\/easymass.fr\/wp-content\/uploads\/2023\/02\/easybumper_vue_2_DE-150x150.png 150w, https:\/\/easymass.fr\/wp-content\/uploads\/2023\/02\/easybumper_vue_2_DE-200x200.png 200w, https:\/\/easymass.fr\/wp-content\/uploads\/2023\/02\/easybumper_vue_2_DE-300x300.png 300w, https:\/\/easymass.fr\/wp-content\/uploads\/2023\/02\/easybumper_vue_2_DE-400x400.png 400w, https:\/\/easymass.fr\/wp-content\/uploads\/2023\/02\/easybumper_vue_2_DE-500x500.png 500w, https:\/\/easymass.fr\/wp-content\/uploads\/2023\/02\/easybumper_vue_2_DE-600x600.png 600w, https:\/\/easymass.fr\/wp-content\/uploads\/2023\/02\/easybumper_vue_2_DE-700x700.png 700w, https:\/\/easymass.fr\/wp-content\/uploads\/2023\/02\/easybumper_vue_2_DE-768x768.png 768w, https:\/\/easymass.fr\/wp-content\/uploads\/2023\/02\/easybumper_vue_2_DE-800x800.png 800w, https:\/\/easymass.fr\/wp-content\/uploads\/2023\/02\/easybumper_vue_2_DE.png 1000w\" sizes=\"(max-width: 1000px) 100vw, 1000px\" \/><\/a><\/div><\/div><\/div><div class=\"swiper-slide\"><div class=\"fusion-carousel-item-wrapper\"><div class=\"fusion-image-wrapper hover-type-zoomin\"><a data-rel=\"iLightbox[image_carousel_1]\" data-title=\"easybumper_vue_3_DE\" aria-label=\"easybumper_vue_3_DE\" href=\"https:\/\/easymass.fr\/wp-content\/uploads\/2023\/02\/easybumper_vue_3_DE.png\" target=\"_self\"><img width=\"1000\" height=\"1000\" src=\"https:\/\/easymass.fr\/wp-content\/uploads\/2023\/02\/easybumper_vue_3_DE.png\" class=\"attachment-full size-full\" alt=\"\" decoding=\"async\" srcset=\"https:\/\/easymass.fr\/wp-content\/uploads\/2023\/02\/easybumper_vue_3_DE-66x66.png 66w, https:\/\/easymass.fr\/wp-content\/uploads\/2023\/02\/easybumper_vue_3_DE-100x100.png 100w, https:\/\/easymass.fr\/wp-content\/uploads\/2023\/02\/easybumper_vue_3_DE-150x150.png 150w, https:\/\/easymass.fr\/wp-content\/uploads\/2023\/02\/easybumper_vue_3_DE-200x200.png 200w, https:\/\/easymass.fr\/wp-content\/uploads\/2023\/02\/easybumper_vue_3_DE-300x300.png 300w, https:\/\/easymass.fr\/wp-content\/uploads\/2023\/02\/easybumper_vue_3_DE-400x400.png 400w, https:\/\/easymass.fr\/wp-content\/uploads\/2023\/02\/easybumper_vue_3_DE-500x500.png 500w, https:\/\/easymass.fr\/wp-content\/uploads\/2023\/02\/easybumper_vue_3_DE-600x600.png 600w, https:\/\/easymass.fr\/wp-content\/uploads\/2023\/02\/easybumper_vue_3_DE-700x700.png 700w, https:\/\/easymass.fr\/wp-content\/uploads\/2023\/02\/easybumper_vue_3_DE-768x768.png 768w, https:\/\/easymass.fr\/wp-content\/uploads\/2023\/02\/easybumper_vue_3_DE-800x800.png 800w, https:\/\/easymass.fr\/wp-content\/uploads\/2023\/02\/easybumper_vue_3_DE.png 1000w\" sizes=\"(max-width: 1000px) 100vw, 1000px\" \/><\/a><\/div><\/div><\/div><div class=\"swiper-slide\"><div class=\"fusion-carousel-item-wrapper\"><div class=\"fusion-image-wrapper hover-type-zoomin\"><a data-rel=\"iLightbox[image_carousel_1]\" data-title=\"easybumper_vue_4_DE\" aria-label=\"easybumper_vue_4_DE\" href=\"https:\/\/easymass.fr\/wp-content\/uploads\/2023\/02\/easybumper_vue_4_DE.png\" target=\"_self\"><img width=\"1000\" height=\"1000\" src=\"https:\/\/easymass.fr\/wp-content\/uploads\/2023\/02\/easybumper_vue_4_DE.png\" class=\"attachment-full size-full\" alt=\"\" decoding=\"async\" srcset=\"https:\/\/easymass.fr\/wp-content\/uploads\/2023\/02\/easybumper_vue_4_DE-66x66.png 66w, https:\/\/easymass.fr\/wp-content\/uploads\/2023\/02\/easybumper_vue_4_DE-100x100.png 100w, https:\/\/easymass.fr\/wp-content\/uploads\/2023\/02\/easybumper_vue_4_DE-150x150.png 150w, https:\/\/easymass.fr\/wp-content\/uploads\/2023\/02\/easybumper_vue_4_DE-200x200.png 200w, https:\/\/easymass.fr\/wp-content\/uploads\/2023\/02\/easybumper_vue_4_DE-300x300.png 300w, https:\/\/easymass.fr\/wp-content\/uploads\/2023\/02\/easybumper_vue_4_DE-400x400.png 400w, https:\/\/easymass.fr\/wp-content\/uploads\/2023\/02\/easybumper_vue_4_DE-500x500.png 500w, https:\/\/easymass.fr\/wp-content\/uploads\/2023\/02\/easybumper_vue_4_DE-600x600.png 600w, https:\/\/easymass.fr\/wp-content\/uploads\/2023\/02\/easybumper_vue_4_DE-700x700.png 700w, https:\/\/easymass.fr\/wp-content\/uploads\/2023\/02\/easybumper_vue_4_DE-768x768.png 768w, https:\/\/easymass.fr\/wp-content\/uploads\/2023\/02\/easybumper_vue_4_DE-800x800.png 800w, https:\/\/easymass.fr\/wp-content\/uploads\/2023\/02\/easybumper_vue_4_DE.png 1000w\" sizes=\"(max-width: 1000px) 100vw, 1000px\" \/><\/a><\/div><\/div><\/div><div class=\"swiper-slide\"><div class=\"fusion-carousel-item-wrapper\"><div class=\"fusion-image-wrapper hover-type-zoomin\"><a data-rel=\"iLightbox[image_carousel_1]\" data-title=\"easybumper_vue_5_DE\" aria-label=\"easybumper_vue_5_DE\" href=\"https:\/\/easymass.fr\/wp-content\/uploads\/2023\/02\/easybumper_vue_5_DE.png\" target=\"_self\"><img width=\"1000\" height=\"1000\" src=\"https:\/\/easymass.fr\/wp-content\/uploads\/2023\/02\/easybumper_vue_5_DE.png\" class=\"attachment-full size-full\" alt=\"\" decoding=\"async\" srcset=\"https:\/\/easymass.fr\/wp-content\/uploads\/2023\/02\/easybumper_vue_5_DE-66x66.png 66w, https:\/\/easymass.fr\/wp-content\/uploads\/2023\/02\/easybumper_vue_5_DE-100x100.png 100w, https:\/\/easymass.fr\/wp-content\/uploads\/2023\/02\/easybumper_vue_5_DE-150x150.png 150w, https:\/\/easymass.fr\/wp-content\/uploads\/2023\/02\/easybumper_vue_5_DE-200x200.png 200w, https:\/\/easymass.fr\/wp-content\/uploads\/2023\/02\/easybumper_vue_5_DE-300x300.png 300w, https:\/\/easymass.fr\/wp-content\/uploads\/2023\/02\/easybumper_vue_5_DE-400x400.png 400w, https:\/\/easymass.fr\/wp-content\/uploads\/2023\/02\/easybumper_vue_5_DE-500x500.png 500w, https:\/\/easymass.fr\/wp-content\/uploads\/2023\/02\/easybumper_vue_5_DE-600x600.png 600w, https:\/\/easymass.fr\/wp-content\/uploads\/2023\/02\/easybumper_vue_5_DE-700x700.png 700w, https:\/\/easymass.fr\/wp-content\/uploads\/2023\/02\/easybumper_vue_5_DE-768x768.png 768w, https:\/\/easymass.fr\/wp-content\/uploads\/2023\/02\/easybumper_vue_5_DE-800x800.png 800w, https:\/\/easymass.fr\/wp-content\/uploads\/2023\/02\/easybumper_vue_5_DE.png 1000w\" sizes=\"(max-width: 1000px) 100vw, 1000px\" \/><\/a><\/div><\/div><\/div><\/div><div class=\"awb-swiper-button awb-swiper-button-prev\"><i class=\"awb-icon-angle-left\" aria-hidden=\"true\"><\/i><\/div><div class=\"awb-swiper-button awb-swiper-button-next\"><i class=\"awb-icon-angle-right\" aria-hidden=\"true\"><\/i><\/div><\/div><\/div><div class=\"fusion-clearfix\"><\/div><\/div><\/div><div class=\"fusion-layout-column fusion_builder_column fusion-builder-column-2 fusion_builder_column_1_2 1_2 fusion-one-half fusion-column-last\" style=\"--awb-bg-size:cover;width:50%;width:calc(50% - ( ( 4% ) * 0.5 ) );\"><div class=\"fusion-column-wrapper fusion-flex-column-wrapper-legacy\"><div class=\"fusion-sep-clear\"><\/div><div class=\"fusion-separator fusion-full-width-sep\" style=\"margin-left: auto;margin-right: auto;margin-bottom:30px;width:100%;\"><div class=\"fusion-separator-border sep-single sep-solid\" style=\"--awb-height:20px;--awb-amount:20px;--awb-sep-color:#9da1a9;border-color:#9da1a9;border-top-width:1px;\"><\/div><\/div><div class=\"fusion-sep-clear\"><\/div><div class=\"fusion-text fusion-text-2\"><p style=\"font-size: 20px; text-align: left;\">Der EASYBUMPER hat eine Breite von 2,5m (voll ausgeklappt) und wiegt 50Kg. Sicheres Ballastieren mit Aufprallschutzsystem.<\/p>\n<p class=\"p1\">Dieser Sto\u00dfd\u00e4mpfer ist f\u00fcr alle Traktorenmarken verf\u00fcgbar und kann <b>mit den folgenden EASYMASS Gewichten kombiniert werden<\/b>:<\/p>\n<ul>\n<li class=\"p1\"><b>Gusseiserne Werkzeugbox 450 KG<\/b><\/li>\n<li class=\"p1\"><b>Mineralgussgewicht RC-90 (600, 800 oder 1050 KG) <\/b><b><\/b><\/li>\n<li class=\"p1\"><b>Gussgewicht 1800 KG<\/b><\/li>\n<\/ul>\n<\/div><div class=\"fusion-sep-clear\"><\/div><div class=\"fusion-separator fusion-full-width-sep\" style=\"margin-left: auto;margin-right: auto;margin-top:10px;width:100%;\"><div class=\"fusion-separator-border sep-single sep-solid\" style=\"--awb-height:20px;--awb-amount:20px;--awb-sep-color:#ffffff;border-color:#ffffff;border-top-width:1px;\"><\/div><\/div><div class=\"fusion-sep-clear\"><\/div><div class=\"fusion-aligncenter\"><a class=\"fusion-button button-flat button-medium button-default fusion-button-default button-1 fusion-button-span-no fusion-button-default-type\" target=\"_blank\" rel=\"noopener noreferrer\" href=\"https:\/\/easymass.fr\/wp-content\/uploads\/2023\/01\/Easymass_Deutsch_Brochure_2022.pdf\"><span class=\"fusion-button-text fusion-button-text-right\">EASYBUMPER Produktdetails<\/span><span class=\"fusion-button-icon-divider button-icon-divider-right\"><i class=\"fa-download fas\" aria-hidden=\"true\"><\/i><\/span><\/a><\/div><div class=\"fusion-clearfix\"><\/div><\/div><\/div><\/div><\/div><div class=\"fusion-fullwidth fullwidth-box fusion-builder-row-2 nonhundred-percent-fullwidth non-hundred-percent-height-scrolling\" style=\"--awb-border-radius-top-left:0px;--awb-border-radius-top-right:0px;--awb-border-radius-bottom-right:0px;--awb-border-radius-bottom-left:0px;\" ><div class=\"fusion-builder-row fusion-row\"><div class=\"fusion-layout-column fusion_builder_column fusion-builder-column-3 fusion_builder_column_1_1 1_1 fusion-one-full fusion-column-first fusion-column-last\" style=\"--awb-bg-size:cover;\"><div class=\"fusion-column-wrapper fusion-flex-column-wrapper-legacy\"><div class=\"awb-gallery-wrapper awb-gallery-wrapper-1 button-span-no\"><div style=\"margin:-5px;--awb-bordersize:0px;\" class=\"fusion-gallery fusion-gallery-container fusion-grid-5 fusion-columns-total-5 fusion-gallery-layout-grid fusion-gallery-1\"><div style=\"padding:5px;\" class=\"fusion-grid-column fusion-gallery-column fusion-gallery-column-5 hover-type-none\"><div class=\"fusion-gallery-image\"><a href=\"https:\/\/easymass.fr\/wp-content\/uploads\/2022\/02\/easybumper_vue_1.png\" rel=\"noreferrer\" data-rel=\"iLightbox[gallery_image_1]\" class=\"fusion-lightbox\" target=\"_self\"><img decoding=\"async\" src=\"https:\/\/easymass.fr\/wp-content\/uploads\/2022\/02\/easybumper_vue_1.png\" width=\"1000\" height=\"1000\" alt=\"\" title=\"easybumper_vue_1\" aria-label=\"easybumper_vue_1\" class=\"img-responsive wp-image-2357\" srcset=\"https:\/\/easymass.fr\/wp-content\/uploads\/2022\/02\/easybumper_vue_1-200x200.png 200w, https:\/\/easymass.fr\/wp-content\/uploads\/2022\/02\/easybumper_vue_1-400x400.png 400w, https:\/\/easymass.fr\/wp-content\/uploads\/2022\/02\/easybumper_vue_1-600x600.png 600w, https:\/\/easymass.fr\/wp-content\/uploads\/2022\/02\/easybumper_vue_1-800x800.png 800w, https:\/\/easymass.fr\/wp-content\/uploads\/2022\/02\/easybumper_vue_1.png 1000w\" sizes=\"(min-width: 2200px) 100vw, (min-width: 1008px) 216px, (min-width: 916px) 270px, (min-width: 824px) 360px, (min-width: 732px) 540px, (min-width: 640px) 732px, \" \/><\/a><\/div><\/div><div style=\"padding:5px;\" class=\"fusion-grid-column fusion-gallery-column fusion-gallery-column-5 hover-type-none\"><div class=\"fusion-gallery-image\"><a href=\"https:\/\/easymass.fr\/wp-content\/uploads\/2023\/02\/easybumper_vue_2_DE.png\" rel=\"noreferrer\" data-rel=\"iLightbox[gallery_image_1]\" class=\"fusion-lightbox\" target=\"_self\"><img decoding=\"async\" src=\"https:\/\/easymass.fr\/wp-content\/uploads\/2023\/02\/easybumper_vue_2_DE.png\" width=\"1000\" height=\"1000\" alt=\"\" title=\"easybumper_vue_2_DE\" aria-label=\"easybumper_vue_2_DE\" class=\"img-responsive wp-image-3536\" srcset=\"https:\/\/easymass.fr\/wp-content\/uploads\/2023\/02\/easybumper_vue_2_DE-200x200.png 200w, https:\/\/easymass.fr\/wp-content\/uploads\/2023\/02\/easybumper_vue_2_DE-400x400.png 400w, https:\/\/easymass.fr\/wp-content\/uploads\/2023\/02\/easybumper_vue_2_DE-600x600.png 600w, https:\/\/easymass.fr\/wp-content\/uploads\/2023\/02\/easybumper_vue_2_DE-800x800.png 800w, https:\/\/easymass.fr\/wp-content\/uploads\/2023\/02\/easybumper_vue_2_DE.png 1000w\" sizes=\"(min-width: 2200px) 100vw, (min-width: 1008px) 216px, (min-width: 916px) 270px, (min-width: 824px) 360px, (min-width: 732px) 540px, (min-width: 640px) 732px, \" \/><\/a><\/div><\/div><div style=\"padding:5px;\" class=\"fusion-grid-column fusion-gallery-column fusion-gallery-column-5 hover-type-none\"><div class=\"fusion-gallery-image\"><a href=\"https:\/\/easymass.fr\/wp-content\/uploads\/2023\/02\/easybumper_vue_3_DE.png\" rel=\"noreferrer\" data-rel=\"iLightbox[gallery_image_1]\" class=\"fusion-lightbox\" target=\"_self\"><img decoding=\"async\" src=\"https:\/\/easymass.fr\/wp-content\/uploads\/2023\/02\/easybumper_vue_3_DE.png\" width=\"1000\" height=\"1000\" alt=\"\" title=\"easybumper_vue_3_DE\" aria-label=\"easybumper_vue_3_DE\" class=\"img-responsive wp-image-3542\" srcset=\"https:\/\/easymass.fr\/wp-content\/uploads\/2023\/02\/easybumper_vue_3_DE-200x200.png 200w, https:\/\/easymass.fr\/wp-content\/uploads\/2023\/02\/easybumper_vue_3_DE-400x400.png 400w, https:\/\/easymass.fr\/wp-content\/uploads\/2023\/02\/easybumper_vue_3_DE-600x600.png 600w, https:\/\/easymass.fr\/wp-content\/uploads\/2023\/02\/easybumper_vue_3_DE-800x800.png 800w, https:\/\/easymass.fr\/wp-content\/uploads\/2023\/02\/easybumper_vue_3_DE.png 1000w\" sizes=\"(min-width: 2200px) 100vw, (min-width: 1008px) 216px, (min-width: 916px) 270px, (min-width: 824px) 360px, (min-width: 732px) 540px, (min-width: 640px) 732px, \" \/><\/a><\/div><\/div><div style=\"padding:5px;\" class=\"fusion-grid-column fusion-gallery-column fusion-gallery-column-5 hover-type-none\"><div class=\"fusion-gallery-image\"><a href=\"https:\/\/easymass.fr\/wp-content\/uploads\/2023\/02\/easybumper_vue_4_DE.png\" rel=\"noreferrer\" data-rel=\"iLightbox[gallery_image_1]\" class=\"fusion-lightbox\" target=\"_self\"><img decoding=\"async\" src=\"https:\/\/easymass.fr\/wp-content\/uploads\/2023\/02\/easybumper_vue_4_DE.png\" width=\"1000\" height=\"1000\" alt=\"\" title=\"easybumper_vue_4_DE\" aria-label=\"easybumper_vue_4_DE\" class=\"img-responsive wp-image-3539\" srcset=\"https:\/\/easymass.fr\/wp-content\/uploads\/2023\/02\/easybumper_vue_4_DE-200x200.png 200w, https:\/\/easymass.fr\/wp-content\/uploads\/2023\/02\/easybumper_vue_4_DE-400x400.png 400w, https:\/\/easymass.fr\/wp-content\/uploads\/2023\/02\/easybumper_vue_4_DE-600x600.png 600w, https:\/\/easymass.fr\/wp-content\/uploads\/2023\/02\/easybumper_vue_4_DE-800x800.png 800w, https:\/\/easymass.fr\/wp-content\/uploads\/2023\/02\/easybumper_vue_4_DE.png 1000w\" sizes=\"(min-width: 2200px) 100vw, (min-width: 1008px) 216px, (min-width: 916px) 270px, (min-width: 824px) 360px, (min-width: 732px) 540px, (min-width: 640px) 732px, \" \/><\/a><\/div><\/div><div style=\"padding:5px;\" class=\"fusion-grid-column fusion-gallery-column fusion-gallery-column-5 hover-type-none\"><div class=\"fusion-gallery-image\"><a href=\"https:\/\/easymass.fr\/wp-content\/uploads\/2023\/02\/easybumper_vue_5_DE.png\" rel=\"noreferrer\" data-rel=\"iLightbox[gallery_image_1]\" class=\"fusion-lightbox\" target=\"_self\"><img decoding=\"async\" src=\"https:\/\/easymass.fr\/wp-content\/uploads\/2023\/02\/easybumper_vue_5_DE.png\" width=\"1000\" height=\"1000\" alt=\"\" title=\"easybumper_vue_5_DE\" aria-label=\"easybumper_vue_5_DE\" class=\"img-responsive wp-image-3547\" srcset=\"https:\/\/easymass.fr\/wp-content\/uploads\/2023\/02\/easybumper_vue_5_DE-200x200.png 200w, https:\/\/easymass.fr\/wp-content\/uploads\/2023\/02\/easybumper_vue_5_DE-400x400.png 400w, https:\/\/easymass.fr\/wp-content\/uploads\/2023\/02\/easybumper_vue_5_DE-600x600.png 600w, https:\/\/easymass.fr\/wp-content\/uploads\/2023\/02\/easybumper_vue_5_DE-800x800.png 800w, https:\/\/easymass.fr\/wp-content\/uploads\/2023\/02\/easybumper_vue_5_DE.png 1000w\" sizes=\"(min-width: 2200px) 100vw, (min-width: 1008px) 216px, (min-width: 916px) 270px, (min-width: 824px) 360px, (min-width: 732px) 540px, (min-width: 640px) 732px, \" \/><\/a><\/div><\/div><div class=\"clearfix\"><\/div><\/div><\/div><div class=\"fusion-clearfix\"><\/div><\/div><\/div><\/div><\/div><\/p>\n","protected":false},"excerpt":{"rendered":"","protected":false},"author":1,"featured_media":0,"parent":2946,"menu_order":0,"comment_status":"closed","ping_status":"closed","template":"","meta":[],"_links":{"self":[{"href":"https:\/\/easymass.fr\/de\/wp-json\/wp\/v2\/pages\/2913"}],"collection":[{"href":"https:\/\/easymass.fr\/de\/wp-json\/wp\/v2\/pages"}],"about":[{"href":"https:\/\/easymass.fr\/de\/wp-json\/wp\/v2\/types\/page"}],"author":[{"embeddable":true,"href":"https:\/\/easymass.fr\/de\/wp-json\/wp\/v2\/users\/1"}],"replies":[{"embeddable":true,"href":"https:\/\/easymass.fr\/de\/wp-json\/wp\/v2\/comments?post=2913"}],"version-history":[{"count":19,"href":"https:\/\/easymass.fr\/de\/wp-json\/wp\/v2\/pages\/2913\/revisions"}],"predecessor-version":[{"id":3550,"href":"https:\/\/easymass.fr\/de\/wp-json\/wp\/v2\/pages\/2913\/revisions\/3550"}],"up":[{"embeddable":true,"href":"https:\/\/easymass.fr\/de\/wp-json\/wp\/v2\/pages\/2946"}],"wp:attachment":[{"href":"https:\/\/easymass.fr\/de\/wp-json\/wp\/v2\/media?parent=2913"}],"curies":[{"name":"wp","href":"https:\/\/api.w.org\/{rel}","templated":true}]}}