{"id":2863,"date":"2022-09-22T16:06:05","date_gmt":"2022-09-22T14:06:05","guid":{"rendered":"https:\/\/easymass.fr\/neuheiten\/"},"modified":"2022-09-29T11:12:01","modified_gmt":"2022-09-29T09:12:01","slug":"neuheiten","status":"publish","type":"page","link":"https:\/\/easymass.fr\/de\/neuheiten\/","title":{"rendered":"Neuheiten"},"content":{"rendered":"<div class=\"fusion-fullwidth fullwidth-box fusion-builder-row-1 fusion-parallax-none nonhundred-percent-fullwidth non-hundred-percent-height-scrolling\" style=\"--awb-background-position:left top;--awb-border-radius-top-left:0px;--awb-border-radius-top-right:0px;--awb-border-radius-bottom-right:0px;--awb-border-radius-bottom-left:0px;--awb-padding-bottom:90px;--awb-background-image:url(&quot;http:\/\/easymass.fr\/wp-content\/uploads\/2018\/04\/fond-bas4.png&quot;);--awb-background-size:cover;\" ><div class=\"fusion-builder-row fusion-row\"><div class=\"fusion-layout-column fusion_builder_column fusion-builder-column-0 fusion_builder_column_1_1 1_1 fusion-one-full fusion-column-first fusion-column-last\" style=\"--awb-bg-size:cover;\"><div class=\"fusion-column-wrapper fusion-flex-column-wrapper-legacy\"><div class=\"fusion-text fusion-text-1\"><p style=\"font-size: 12px; text-align: left;\"><a href=\"http:\/\/easymass.fr\/\">Startseite<\/a> \/ Neuheiten<\/p>\n<\/div><div class=\"fusion-clearfix\"><\/div><\/div><\/div><div class=\"fusion-layout-column fusion_builder_column fusion-builder-column-1 fusion_builder_column_1_3 1_3 fusion-one-third fusion-column-first\" style=\"--awb-bg-size:cover;width:33.333333333333%;width:calc(33.333333333333% - ( ( 4% ) * 0.33333333333333 ) );margin-right: 4%;\"><div class=\"fusion-column-wrapper fusion-flex-column-wrapper-legacy\"><div class=\"fusion-text fusion-text-2\"><p><iframe src=\"https:\/\/www.facebook.com\/plugins\/page.php?href=https%3A%2F%2Fwww.facebook.com%2FeasymassFR%2F&amp;tabs=timeline&amp;width=340&amp;height=500&amp;small_header=false&amp;adapt_container_width=true&amp;hide_cover=false&amp;show_facepile=true&amp;appId=1493387660873462\" width=\"340\" height=\"500\" style=\"border:none;overflow:hidden\" scrolling=\"no\" frameborder=\"0\" allowtransparency=\"true\"><\/iframe><\/p>\n<\/div><div class=\"fusion-clearfix\"><\/div><\/div><\/div><div class=\"fusion-layout-column fusion_builder_column fusion-builder-column-2 fusion_builder_column_2_3 2_3 fusion-two-third fusion-column-last\" style=\"--awb-bg-size:cover;width:66.666666666667%;width:calc(66.666666666667% - ( ( 4% ) * 0.66666666666667 ) );\"><div class=\"fusion-column-wrapper fusion-flex-column-wrapper-legacy\"><div class=\"fusion-blog-shortcode fusion-blog-shortcode-1 fusion-blog-archive fusion-blog-layout-medium fusion-blog-pagination\"><div class=\"fusion-posts-container fusion-posts-container-pagination fusion-blog-rollover\" data-pages=\"3\"><article id=\"blog-1-post-6131\" class=\"fusion-post-medium post-6131 post type-post status-publish format-standard has-post-thumbnail hentry category-neuheiten\">\n\t<style type=\"text\/css\">\n\t\t\n\t\t\n\t\t\n\t\t\n\t\t\t<\/style>\n\n\n\t\t\t<div class=\"fusion-flexslider flexslider fusion-flexslider-loading fusion-post-slideshow\" style=\"\">\n\t\t<ul class=\"slides\">\n\t\t\t\n\t\t\t\t\t\t\t\t\t\t\t\t\t\t<li><div  class=\"fusion-image-wrapper fusion-image-size-fixed\" aria-haspopup=\"true\">\n\t\t\t\t<img width=\"320\" height=\"202\" src=\"https:\/\/easymass.fr\/wp-content\/uploads\/2026\/05\/BCCA5CDE-897D-47E6-A8E9-A5E24833415C-320x202.jpg\" class=\"attachment-blog-medium size-blog-medium wp-post-image\" alt=\"\" decoding=\"async\" srcset=\"https:\/\/easymass.fr\/wp-content\/uploads\/2026\/05\/BCCA5CDE-897D-47E6-A8E9-A5E24833415C-320x202.jpg 320w, https:\/\/easymass.fr\/wp-content\/uploads\/2026\/05\/BCCA5CDE-897D-47E6-A8E9-A5E24833415C-700x441.jpg 700w\" sizes=\"(max-width: 320px) 100vw, 320px\" \/><div class=\"fusion-rollover\">\n\t<div class=\"fusion-rollover-content\">\n\n\t\t\t\t\t\t\t\t\t\t\n\t\t\t\t\t\t\t\t\t\t\t\t\t\t\n\t\t\t\t\t\t\t\t\n\t\t\t\t\t\t\t\t\n\t\t\t\t\t\t\t\t\t\t\t\t\t\t\t\t\t\t<a class=\"fusion-rollover-gallery\" href=\"https:\/\/easymass.fr\/wp-content\/uploads\/2026\/05\/BCCA5CDE-897D-47E6-A8E9-A5E24833415C.jpg\" data-id=\"6131\" data-rel=\"iLightbox[gallery]\" data-title=\"BCCA5CDE-897D-47E6-A8E9-A5E24833415C\" data-caption=\"\">\n\t\t\t\t\t\tGallery\t\t\t\t\t<\/a>\n\t\t\t\t\t\t\t\t\t\t\t\t\t\t\n\t\t\n\t\t\t\t\t\t\t\t\n\t\t\t\t\t\t\t\t\n\t\t\n\t\t\t\t\t\t<a class=\"fusion-link-wrapper\" href=\"https:\/\/easymass.fr\/de\/neue-raeumlichkeiten-dasselbe-know-how\/\" aria-label=\"Neue R\u00e4umlichkeiten, dasselbe Know-how !\"><\/a>\n\t<\/div>\n<\/div>\n<\/div>\n<\/li>\n\t\t\t\n\t\t\t\n\t\t\t\t\t\t\t\t\t\t\t\t\t\t\t\t\t\t\t\t\t\t\t\t\t\t\t\t\t\t\t\t\t\t\t\t\t\t\t\t\t\t\t\t\t\t\t\t\t\t\t\t\t\t\t\t\t\t\t\t\t\t\t\t\t\t\t\t<\/ul>\n\t<\/div>\n\t<div class=\"fusion-post-content post-content\"><h2 class=\"blog-shortcode-post-title entry-title\">Neue R\u00e4umlichkeiten, dasselbe Know-how !<\/h2><div class=\"fusion-post-content-container\"><p>Wir sind umgezogen !\nSie finden uns unter : \ud83d\udccd37 Rue de Berrieux, 02820 Saint-Erme (FR)<\/p><\/div><\/div><div class=\"fusion-clearfix\"><\/div><div class=\"fusion-meta-info\"><div class=\"fusion-alignleft\"><span class=\"vcard\" style=\"display: none;\"><span class=\"fn\"><a href=\"https:\/\/easymass.fr\/de\/author\/admin7089\/\" title=\"Beitr\u00e4ge von admin7089\" rel=\"author\">admin7089<\/a><\/span><\/span><span class=\"updated\" style=\"display:none;\">2026-05-11T14:28:30+02:00<\/span><span>11 Mai 2026<\/span><span class=\"fusion-inline-sep\">|<\/span><\/div><div class=\"fusion-alignright\"><a class=\"fusion-read-more\" href=\"https:\/\/easymass.fr\/de\/neue-raeumlichkeiten-dasselbe-know-how\/\" aria-label=\"More on Neue R\u00e4umlichkeiten, dasselbe Know-how !\">Read More<\/a><\/div><\/div><\/article>\n<article id=\"blog-1-post-6123\" class=\"fusion-post-medium post-6123 post type-post status-publish format-standard has-post-thumbnail hentry category-neuheiten\">\n\t<style type=\"text\/css\">\n\t\t\n\t\t\n\t\t\n\t\t\n\t\t\t<\/style>\n\n\n\t\t\t<div class=\"fusion-flexslider flexslider fusion-flexslider-loading fusion-post-slideshow\" style=\"\">\n\t\t<ul class=\"slides\">\n\t\t\t\n\t\t\t\t\t\t\t\t\t\t\t\t\t\t<li><div  class=\"fusion-image-wrapper fusion-image-size-fixed\" aria-haspopup=\"true\">\n\t\t\t\t<img width=\"320\" height=\"202\" src=\"https:\/\/easymass.fr\/wp-content\/uploads\/2026\/05\/Capture-decran-2026-05-11-a-09.59.43-320x202.png\" class=\"attachment-blog-medium size-blog-medium wp-post-image\" alt=\"\" decoding=\"async\" srcset=\"https:\/\/easymass.fr\/wp-content\/uploads\/2026\/05\/Capture-decran-2026-05-11-a-09.59.43-320x202.png 320w, https:\/\/easymass.fr\/wp-content\/uploads\/2026\/05\/Capture-decran-2026-05-11-a-09.59.43-700x441.png 700w\" sizes=\"(max-width: 320px) 100vw, 320px\" \/><div class=\"fusion-rollover\">\n\t<div class=\"fusion-rollover-content\">\n\n\t\t\t\t\t\t\t\t\t\t\n\t\t\t\t\t\t\t\t\t\t\t\t\t\t\n\t\t\t\t\t\t\t\t\n\t\t\t\t\t\t\t\t\n\t\t\t\t\t\t\t\t\t\t\t\t\t\t\t\t\t\t<a class=\"fusion-rollover-gallery\" href=\"https:\/\/easymass.fr\/wp-content\/uploads\/2026\/05\/Capture-decran-2026-05-11-a-09.59.43.png\" data-id=\"6123\" data-rel=\"iLightbox[gallery]\" data-title=\"Capture d\u2019\u00e9cran 2026-05-11 \u00e0 09.59.43\" data-caption=\"\">\n\t\t\t\t\t\tGallery\t\t\t\t\t<\/a>\n\t\t\t\t\t\t\t\t\t\t\t\t\t\t\n\t\t\n\t\t\t\t\t\t\t\t\n\t\t\t\t\t\t\t\t\n\t\t\n\t\t\t\t\t\t<a class=\"fusion-link-wrapper\" href=\"https:\/\/easymass.fr\/de\/retrouvez-nous-sur-notre-page-instagram\/\" aria-label=\"Besucht uns auf unserer Instagram-Seite !\"><\/a>\n\t<\/div>\n<\/div>\n<\/div>\n<\/li>\n\t\t\t\n\t\t\t\n\t\t\t\t\t\t\t\t\t\t\t\t\t\t\t\t\t\t\t\t\t\t\t\t\t\t\t\t\t\t\t\t\t\t\t\t\t\t\t\t\t\t\t\t\t\t\t\t\t\t\t\t\t\t\t\t\t\t\t\t\t\t\t\t\t\t\t\t<\/ul>\n\t<\/div>\n\t<div class=\"fusion-post-content post-content\"><h2 class=\"blog-shortcode-post-title entry-title\">Besucht uns auf unserer Instagram-Seite !<\/h2><div class=\"fusion-post-content-container\"><p>Um unserer Instagram-Seite zu folgen, klicke hier : https:\/\/www.instagram.com\/easymass_\/\n<\/p><\/div><\/div><div class=\"fusion-clearfix\"><\/div><div class=\"fusion-meta-info\"><div class=\"fusion-alignleft\"><span class=\"vcard\" style=\"display: none;\"><span class=\"fn\"><a href=\"https:\/\/easymass.fr\/de\/author\/admin7089\/\" title=\"Beitr\u00e4ge von admin7089\" rel=\"author\">admin7089<\/a><\/span><\/span><span class=\"updated\" style=\"display:none;\">2026-05-11T13:01:04+02:00<\/span><span>11 Mai 2026<\/span><span class=\"fusion-inline-sep\">|<\/span><\/div><div class=\"fusion-alignright\"><a class=\"fusion-read-more\" href=\"https:\/\/easymass.fr\/de\/retrouvez-nous-sur-notre-page-instagram\/\" aria-label=\"More on Besucht uns auf unserer Instagram-Seite !\">Read More<\/a><\/div><\/div><\/article>\n<article id=\"blog-1-post-5852\" class=\"fusion-post-medium post-5852 post type-post status-publish format-standard has-post-thumbnail hentry category-neuheiten\">\n\t<style type=\"text\/css\">\n\t\t\n\t\t\n\t\t\n\t\t\n\t\t\t<\/style>\n\n\n\t\t\t<div class=\"fusion-flexslider flexslider fusion-flexslider-loading fusion-post-slideshow\" style=\"\">\n\t\t<ul class=\"slides\">\n\t\t\t\n\t\t\t\t\t\t\t\t\t\t\t\t\t\t<li><div  class=\"fusion-image-wrapper fusion-image-size-fixed\" aria-haspopup=\"true\">\n\t\t\t\t<img width=\"320\" height=\"202\" src=\"https:\/\/easymass.fr\/wp-content\/uploads\/2025\/10\/agrictechnica-320x202.png\" class=\"attachment-blog-medium size-blog-medium wp-post-image\" alt=\"\" decoding=\"async\" srcset=\"https:\/\/easymass.fr\/wp-content\/uploads\/2025\/10\/agrictechnica-320x202.png 320w, https:\/\/easymass.fr\/wp-content\/uploads\/2025\/10\/agrictechnica-700x441.png 700w\" sizes=\"(max-width: 320px) 100vw, 320px\" \/><div class=\"fusion-rollover\">\n\t<div class=\"fusion-rollover-content\">\n\n\t\t\t\t\t\t\t\t\t\t\n\t\t\t\t\t\t\t\t\t\t\t\t\t\t\n\t\t\t\t\t\t\t\t\n\t\t\t\t\t\t\t\t\n\t\t\t\t\t\t\t\t\t\t\t\t\t\t\t\t\t\t<a class=\"fusion-rollover-gallery\" href=\"https:\/\/easymass.fr\/wp-content\/uploads\/2025\/10\/agrictechnica.png\" data-id=\"5852\" data-rel=\"iLightbox[gallery]\" data-title=\"agrictechnica\" data-caption=\"\">\n\t\t\t\t\t\tGallery\t\t\t\t\t<\/a>\n\t\t\t\t\t\t\t\t\t\t\t\t\t\t\n\t\t\n\t\t\t\t\t\t\t\t\n\t\t\t\t\t\t\t\t\n\t\t\n\t\t\t\t\t\t<a class=\"fusion-link-wrapper\" href=\"https:\/\/easymass.fr\/de\/easymass-wird-auf-der-agritechnica-2025-vertreten-sein\/\" aria-label=\"Easymass wird auf der Agritechnica 2025 vertreten sein!\"><\/a>\n\t<\/div>\n<\/div>\n<\/div>\n<\/li>\n\t\t\t\n\t\t\t\n\t\t\t\t\t\t\t\t\t\t\t\t\t\t\t\t\t\t\t\t\t\t\t\t\t\t\t\t\t\t\t\t\t\t\t\t\t\t\t\t\t\t\t\t\t\t\t\t\t\t\t\t\t\t\t\t\t\t\t\t\t\t\t\t\t\t\t\t<\/ul>\n\t<\/div>\n\t<div class=\"fusion-post-content post-content\"><h2 class=\"blog-shortcode-post-title entry-title\">Easymass wird auf der Agritechnica 2025 vertreten sein!<\/h2><div class=\"fusion-post-content-container\"><p>Wir freuen uns darauf, Sie auf der Agritechnica, der weltweit gr\u00f6\u00dften Agrartechnikmesse, vom 9. bis 15. November 2025 in Hannover begr\u00fc\u00dfen zu d\u00fcrfen.<\/p><\/div><\/div><div class=\"fusion-clearfix\"><\/div><div class=\"fusion-meta-info\"><div class=\"fusion-alignleft\"><span class=\"vcard\" style=\"display: none;\"><span class=\"fn\"><a href=\"https:\/\/easymass.fr\/de\/author\/admin7089\/\" title=\"Beitr\u00e4ge von admin7089\" rel=\"author\">admin7089<\/a><\/span><\/span><span class=\"updated\" style=\"display:none;\">2025-10-09T16:20:46+02:00<\/span><span>9 Oktober 2025<\/span><span class=\"fusion-inline-sep\">|<\/span><\/div><div class=\"fusion-alignright\"><a class=\"fusion-read-more\" href=\"https:\/\/easymass.fr\/de\/easymass-wird-auf-der-agritechnica-2025-vertreten-sein\/\" aria-label=\"More on Easymass wird auf der Agritechnica 2025 vertreten sein!\">Read More<\/a><\/div><\/div><\/article>\n<\/div><div class=\"pagination clearfix\"><span class=\"current\">1<\/span><a href=\"https:\/\/easymass.fr\/de\/wp-json\/wp\/v2\/pages\/2863\/page\/2\/\" class=\"inactive\">2<\/a><a class=\"pagination-next\" rel=\"next\" href=\"https:\/\/easymass.fr\/de\/wp-json\/wp\/v2\/pages\/2863\/page\/2\/\"><span class=\"page-text\">Next<\/span><span class=\"page-next\"><\/span><\/a><\/div><div class=\"fusion-clearfix\"><\/div><\/div><div class=\"fusion-clearfix\"><\/div><\/div><\/div><\/div><\/div>\n","protected":false},"excerpt":{"rendered":"","protected":false},"author":1,"featured_media":0,"parent":0,"menu_order":0,"comment_status":"closed","ping_status":"closed","template":"100-width.php","meta":[],"_links":{"self":[{"href":"https:\/\/easymass.fr\/de\/wp-json\/wp\/v2\/pages\/2863"}],"collection":[{"href":"https:\/\/easymass.fr\/de\/wp-json\/wp\/v2\/pages"}],"about":[{"href":"https:\/\/easymass.fr\/de\/wp-json\/wp\/v2\/types\/page"}],"author":[{"embeddable":true,"href":"https:\/\/easymass.fr\/de\/wp-json\/wp\/v2\/users\/1"}],"replies":[{"embeddable":true,"href":"https:\/\/easymass.fr\/de\/wp-json\/wp\/v2\/comments?post=2863"}],"version-history":[{"count":14,"href":"https:\/\/easymass.fr\/de\/wp-json\/wp\/v2\/pages\/2863\/revisions"}],"predecessor-version":[{"id":3060,"href":"https:\/\/easymass.fr\/de\/wp-json\/wp\/v2\/pages\/2863\/revisions\/3060"}],"wp:attachment":[{"href":"https:\/\/easymass.fr\/de\/wp-json\/wp\/v2\/media?parent=2863"}],"curies":[{"name":"wp","href":"https:\/\/api.w.org\/{rel}","templated":true}]}}